{"id":57,"date":"2021-12-21T17:44:40","date_gmt":"2021-12-21T17:44:40","guid":{"rendered":"https:\/\/pesa1.artun.ee\/?page_id=57"},"modified":"2025-05-26T20:22:09","modified_gmt":"2025-05-26T20:22:09","slug":"publications","status":"publish","type":"page","link":"https:\/\/sensorialdesign.artun.ee\/?page_id=57","title":{"rendered":"Publications"},"content":{"rendered":"\t\t<div data-elementor-type=\"wp-page\" data-elementor-id=\"57\" class=\"elementor elementor-57\">\n\t\t\t\t\t\t<section class=\"elementor-section elementor-top-section elementor-element elementor-element-6d5626f5 elementor-section-boxed elementor-section-height-default elementor-section-height-default\" data-id=\"6d5626f5\" data-element_type=\"section\" data-e-type=\"section\">\n\t\t\t\t\t\t<div class=\"elementor-container elementor-column-gap-default\">\n\t\t\t\t\t<div class=\"elementor-column elementor-col-100 elementor-top-column elementor-element elementor-element-d31cf70\" data-id=\"d31cf70\" data-element_type=\"column\" data-e-type=\"column\">\n\t\t\t<div class=\"elementor-widget-wrap elementor-element-populated\">\n\t\t\t\t\t\t<div class=\"elementor-element elementor-element-326d4e3e elementor-widget elementor-widget-text-editor\" data-id=\"326d4e3e\" data-element_type=\"widget\" data-e-type=\"widget\" data-widget_type=\"text-editor.default\">\n\t\t\t\t<div class=\"elementor-widget-container\">\n\t\t\t\t\t\t\t\t\t<h2>Dissertations<\/h2>\n<p>Oktay, Nesli Hazal (2024). Far-away Bodies: Co-creating Design(s) in and for Remote Intimacy. PhD Dissertation. Estonian Academy of Arts. Tallinn, Estonia. <a href=\"https:\/\/eka.access.preservica.com\/uncategorized\/SO_c9a831ae-7ec8-4a8b-b925-845bd5d21eba\/\" target=\"_blank\" rel=\"noopener\">https:\/\/eka.access.preservica.com\/uncategorized\/SO_c9a831ae-7ec8-4a8b-b925-845bd5d21eba\/<\/a><\/p>\n<p>Demir, Arife Dila (2023). Extended [Textile] Soma: Somaesthetics of Bodily Discomforts. PhD Dissertation. Estonian Academy of Arts. Tallinn, Estonia.\u00a0<a href=\"https:\/\/entu.app\/eka\/6557573d9ec6b30b7d3c87ae?_type.string=thesis&amp;sort=name.string&amp;q=demir\" target=\"_blank\" rel=\"noopener\">https:\/\/entu.app\/eka\/6557573d9ec6b30b7d3c87ae?_type.string=thesis&amp;sort=name.string&amp;q=demir<\/a><\/p>\n<p>Kuusk, Kristi (2016). \u201cCrafting sustainable smart textile services\u201d, Eindhoven University of Technology, Eindhoven, The Netherlands. <a href=\"https:\/\/www.kristikuusk.com\/wp-content\/uploads\/2016\/02\/Kristi-Kuusk-PhD-thesis.pdf\" target=\"_blank\" rel=\"noopener\">https:\/\/www.kristikuusk.com\/wp-content\/uploads\/2016\/02\/Kristi-Kuusk-PhD-thesis.pdf<\/a><\/p>\n<h2>Book chapters<\/h2>\n<p><!-- \/wp:heading --><!-- wp:paragraph --><\/p>\n<p>Kuusk, Kristi; Valle Noronha, Julia; Tomico, Oscar (2023). Digital Technology Reshaping Clothing and Textile Practice Towards Sustainability. In: Bloomsbury Encyclopedia of World Textiles Bloomsbury. (Textile Futures). <a href=\"https:\/\/research.aalto.fi\/en\/publications\/digital-technology-reshaping-clothing-and-textile-practice-toward\" target=\"_blank\" rel=\"noopener\">https:\/\/research.aalto.fi\/en\/publications\/digital-technology-reshaping-clothing-and-textile-practice-toward<\/a><\/p>\n<p><!-- \/wp:paragraph --><!-- wp:paragraph --><\/p>\n<p><!-- \/wp:paragraph --><!-- wp:heading --><\/p>\n<h2>Journal articles<\/h2>\n<p><!-- \/wp:heading --><!-- wp:paragraph --><\/p>\n<p>Oktay, Nesli Hazal (2024). Creating Intimate Places for Close by Heart but Physically Apart People through Remote Embodiments. Research in Arts and Education Journal, 2024(1), 207\u2013217. <a href=\"https:\/\/doi.org\/10.54916\/rae.142452\" target=\"_blank\" rel=\"noreferrer noopener\">https:\/\/doi.org\/10.54916\/rae.142452<\/a><\/p>\n<p><!-- \/wp:paragraph --><!-- wp:paragraph --><\/p>\n<p>Oktay, Nesli Hazal (2023). Dissolving distances: Designing Close-to-body Experiences for Remote Settings. HUB \u2013 Journal of Research in Art, Design and Society, 1(1). <a href=\"https:\/\/doi.org\/10.22501\/hub.2272473\" target=\"_blank\" rel=\"noreferrer noopener\">https:\/\/doi.org\/10.22501\/hub.2272473<\/a><\/p>\n<p><!-- \/wp:paragraph --><!-- wp:paragraph --><\/p>\n<p>Demir, Arife Dila; Kuusk, Kristi; Nimkulrat, Nithikul (2022). \u201cSqueaky\/Pain: Articulating the Felt Experience of Pain for Somaesthetic Interactions\u201d. Temes de Disseny, 2022, Num. 38, pp. 162-178, <a href=\"https:\/\/doi.org\/10.46467\/TdD38.2022.162-178.\">https:\/\/doi.org\/10.46467\/TdD38.2022.162-178.<\/a><\/p>\n<p><!-- \/wp:paragraph --><!-- wp:paragraph --><\/p>\n<p>Demir, Arife Dila; Nimkulrat, Nithikul; Kuusk, Kristi (2022). \u2018Squeaky\/Pain\u2019: Cultivating Disturbing Experiences and Perspective Transition for Somaesthetic Interactions. Dise\u00f1a, (20), Article.2. Retrieved from <a href=\"http:\/\/www.revistadisena.uc.cl\/index.php\/Disena\/article\/view\/33007\">http:\/\/www.revistadisena.uc.cl\/index.php\/Disena\/article\/view\/33007<\/a><\/p>\n<p><!-- \/wp:paragraph --><!-- wp:paragraph --><\/p>\n<p>Neves, In\u00eas Rodrigues; Reyes, Claudia Diaz; Pachi, Ismini; Demir, Arife Dila; Kuusk, Kristi (2021). Creative exchange through joint responsibility: designing performances in multidisciplinary teams in the educational context. Research in Arts and Education, 1\/2021. <a href=\"https:\/\/journal.fi\/rae\/article\/view\/119319\" target=\"_blank\" rel=\"noopener\">https:\/\/journal.fi\/rae\/article\/view\/119319<\/a><\/p>\n<p><!-- \/wp:paragraph --><!-- wp:paragraph --><\/p>\n<p>Kubinyi, Eva Liisa; Naydenova, Vera; Kuusk, Kristi (2021). Children and design students practicing playful co-creation in a youth creativity lab. Research in Arts and Education, 1\/2021. <a href=\"https:\/\/journal.fi\/rae\/article\/view\/119320\" target=\"_blank\" rel=\"noopener\">https:\/\/journal.fi\/rae\/article\/view\/119320<\/a><\/p>\n<p><!-- \/wp:paragraph --><!-- wp:paragraph --><\/p>\n<p>Kuusk, Kristi; Tajadura-Jim\u00e9nez, Ana; V\u00e4ljam\u00e4e, Aleksander (2020). A transdisciplinary collaborative journey leading to sensorial clothing. CoDesign &#8211; International Journal of CoCreation in Design and the Arts.\u00a0 <a href=\"http:\/\/www.tandfonline.com\/doi\/full\/10.1080\/15710882.2020.1833934?scroll=top&amp;needAccess=true\" target=\"_blank\" rel=\"noreferrer noopener\">http:\/\/www.tandfonline.com\/doi\/full\/10.1080\/15710882.2020.1833934?scroll=top&amp;needAccess=true<\/a><\/p>\n<p><!-- \/wp:paragraph --><!-- wp:paragraph --><\/p>\n<p>Tajadura-Jim\u00e9nez, Ana; V\u00e4ljam\u00e4e, Aleksander; Kuusk, Kristi (2020). Altering One\u2019s Body-perception Through E-Textiles and Haptic Metaphors. Frontiers in Robotics and AI.\u00a0 <a href=\"http:\/\/www.frontiersin.org\/articles\/10.3389\/frobt.2020.00007\/full\" target=\"_blank\" rel=\"noreferrer noopener\">http:\/\/www.frontiersin.org\/articles\/10.3389\/frobt.2020.00007\/full<\/a><\/p>\n<p><!-- \/wp:paragraph --><!-- wp:heading --><\/p>\n<h2>Conference proceedings<\/h2>\n<p><!-- \/wp:heading --><!-- wp:paragraph --><\/p>\n<p><strong>Peer-reviewed papers<\/strong><\/p>\n<p>Kuusk, Kristi; Hamid, Azeem; Babayev, Zaur; Veske-Lepp, Paula; Oktay, Nesli Hazal. (2025). Relational Design for Remote Intergenerational Sensorial Play Experiences. In Proceedings of the 11th Nordic Design Research Society Conference (NORDES 2025), Oslo, Norway. (Forthcoming)<\/p>\n<p>Albano, Annunziata; Hamid, Azeem; Malbet, Agathe. (2025). Exploring Haunted Spaces of Participation through Justice. In Proceedings of the 11th Nordic Design Research Society Conference (NORDES 2025), August 6\u20138, 2025, Oslo Metropolitan University (OsloMet), Oslo, Norway. (Forthcoming)<\/p>\n<p>Madaghiele, Vincenzo; Demir, Arife Dila (2024). Pain Creature: interdisciplinary collaboration in the design of an embodied textile instrument. In Proceedings of New Interfaces for Musical Expressions (NIME 2024). (Forthcoming)<\/p>\n<p>Veske-Lepp, Paula; Kuusk, Kristi; Kool, Helen; Beilmann, Merje; Traumann, Ada. (2024). E-textiles in the Future of Wellbeing and Care of Elderly.\u00a0<i><\/i>Cumulus Budapest 2024 conference. (Forthcoming)<\/p>\n<p>Hung, Hsuan-Hsiu; Kuusk, Kristi (2024). Moving Awareables.\u00a0<i>Digital Bodies Conference: Proceedings: Everything and Everybody as Material: Dialogical Bodies, Bor\u00e5s, Sweden, 19th &#8211; 20th of April 2024..<\/i> Ed. Tepe, Jan. Bor\u00e5s: University of Bor\u00e5s, Faculty of Textiles, Engineering and Business, 44\u221245. <a href=\"https:\/\/hb.diva-portal.org\/smash\/get\/diva2:1859407\/FULLTEXT01.pdf\" target=\"_blank\" rel=\"noopener\">https:\/\/hb.diva-portal.org\/smash\/get\/diva2:1859407\/FULLTEXT01.pdf<\/a><\/p>\n<p>Honauer, Michaela; U\u011fur Yavuz, Se\u00e7il; Kuusk, Kristi (2024). TREESENSE \u2013 Sensitising Children to Nature through Embodied Play. Proceedings of the 23rd Annual ACM Interaction Design and Children Conference. ACM, 639\u2212643. <a href=\"https:\/\/dl.acm.org\/doi\/pdf\/10.1145\/3628516.3659425\" target=\"_blank\" rel=\"noopener\">https:\/\/dl.acm.org\/doi\/pdf\/10.1145\/3628516.3659425<\/a><\/p>\n<p><!-- \/wp:paragraph --><!-- wp:paragraph --><\/p>\n<p>Hamid, Azeem; Hameed, Umar; Kuusk, Kristi (2024). Engaging Public Spaces: Designing for a playful live community experience. In Adjunct Proceedings of the 2024 Nordic Conference on Human-Computer Interaction (NordiCHI Adjunct 2024), October 13\u201316, 2024, Uppsala, Sweden. ACM, New York, NY, USA. <a href=\"https:\/\/doi.org\/10.1145\/3677045.3685422\" target=\"_blank\" rel=\"noopener\">https:\/\/doi.org\/10.1145\/3677045.3685422<\/a>.<\/p>\n<p><!-- \/wp:paragraph --><!-- wp:paragraph --><\/p>\n<p><!-- \/wp:paragraph --><!-- wp:paragraph --><\/p>\n<p>Demir, Arife Dila; N\u00fa\u00f1ez-Pacheco, Claudia (2024). Autosomatographical Narratives: Towards the Articulation of Felt Accounts of Pain for Somaesthetic Design. In Proceedings of Designing Interactive Systems in the ACM Digital Library (DIS&#8217;2024). <a href=\"https:\/\/dl.acm.org\/doi\/10.1145\/3643834.3660756\" target=\"_blank\" rel=\"noopener\">https:\/\/dl.acm.org\/doi\/10.1145\/3643834.3660756<\/a><\/p>\n<p><!-- \/wp:paragraph --><!-- wp:paragraph --><\/p>\n<p><!-- \/wp:paragraph --><!-- wp:paragraph --><\/p>\n<p>Demir, Arife Dila*; Oktay, Nesli Hazal*; Kuusk, Kristi (2023). Cultivating and Eliciting Felt Experiences for Design Use: Physical Manifestations of Abstract Bodily Experiences. In\u00a0<em>Proceedings of the Design Research Society Special Interest Group: Experiential Knowledge<\/em>, EKSIG 2023. <a href=\"https:\/\/www.eksig2023.polimi.it\/assets\/EKSIG-Proceedings.pdf\" target=\"_blank\" rel=\"noreferrer noopener\">https:\/\/www.eksig2023.polimi.it\/assets\/EKSIG-Proceedings.pdf<\/a>\u00a0*joint first authors<\/p>\n<p><!-- \/wp:paragraph --><!-- wp:paragraph --><\/p>\n<p>Oktay, Nesli Hazal; Wilde, Danielle; Kuusk, Kristi (2023). Conversations with the Body of the Other: A Three-step Dialogical Process. In\u00a0<em>Proceedings of the Nordic Design Research Society<\/em>, NORDES 2023. <a href=\"https:\/\/doi.org\/10.21606\/nordes.2023.58\">https:\/\/doi.org\/10.21606\/nordes.2023.58<\/a><\/p>\n<p><span style=\"font-size: 1rem;\">Oktay, Nesli Hazal (2022). Design placebos for the impossibility of empathy in videotelephony, in Lockton, D., Lenzi, S., Hekkert, P., Oak, A., S\u00e1daba, J., Lloyd, P. (eds.), DRS2022: Bilbao, 25 June &#8211; 3 July, Bilbao, Spain. <\/span><a style=\"font-size: 1rem;\" href=\"https:\/\/doi.org\/10.21606\/drs.2022.598\">https:\/\/doi.org\/10.21606\/drs.2022.598<\/a><\/p>\n<p><!-- \/wp:paragraph --><!-- wp:paragraph --><\/p>\n<p>Zhiglova, Yulia; Kuusk, Kristi; Lamas, David; Smorgun, Ilja; Seitlinger, Paul (2021). Wearable Confidence \u2014 Concept and Prototype Design. Human-Computer-Interaction \u2013 INTERACT 2021: 18th IFIP TC 13 International Conference, Bari, Italy, August 30 \u2013 September 3, 2021. Ed. Ardito, C., Lanzilotti, R., Malizia, A., Petrie, H., Piccinno, A., Desolda, G., Inkpen, K. Springer, Cham, 328\u2212331. (Lecture Notes in Computer Science; 12936). <a href=\"https:\/\/dl.acm.org\/doi\/10.1007\/978-3-030-85607-6_31\" target=\"_blank\" rel=\"noopener\">https:\/\/dl.acm.org\/doi\/10.1007\/978-3-030-85607-6_31<\/a><\/p>\n<p><!-- \/wp:paragraph --><!-- wp:paragraph --><\/p>\n<p>U\u011fur Yavuz, Se\u00e7il; Kuusk, Kristi; Honauer, Michaela (2021). Designing somatic play for digital natives through a body-centric design process. DESIGN CULTURE (OF) ARTIFICIAL, 2: Cumulus Roma 2021. Ed. Loredana Di Lucchio, Lorenzo Imbesi, Angela Giambattista, Viktor Malakuczi. Roma: Cumulus, 264\u2212278. (Design Culture(s). Cumulus Conference Proceedings Roma 2021, Volume #2; 2). <a href=\"http:\/\/cumulusroma2020.org\/proceedings\/\" target=\"_blank\" rel=\"noopener\">http:\/\/cumulusroma2020.org\/proceedings\/<\/a><\/p>\n<p><!-- \/wp:paragraph --><!-- wp:paragraph --><\/p>\n<p>Honauer, Michaela; Yavuz, Secil Ugur; Kuusk, Kristi (2020). WORM-E: An Interactive Toy Enriching Children\u2019s Bodily and Social Play. In: DIS 2020 proceedings and companion proceedings in the ACM Digital Library. DIS 2020: ACM Conference on Designing Interactive Systems, July 6-20, 2020, Eindhoven, The Netherlands, DIS 2020 will be a virtual conference. ACM. <a href=\"http:\/\/dl.acm.org\/doi\/abs\/10.1145\/3393914.3395814\" target=\"_blank\" rel=\"noopener\">http:\/\/dl.acm.org\/doi\/abs\/10.1145\/3393914.3395814<\/a><\/p>\n<p><!-- \/wp:paragraph --><!-- wp:paragraph --><\/p>\n<p>Demir, Arife Dila\u00a0(2020). AURA: Altering Self-Perception Through Interactive Light Emitting Textiles.\u00a0<em>Proceedings of the 11th Nordic Conference on Human-Computer Interaction: Shaping Experiences, Shaping Society.<\/em> ACM Digital Library, 1\u22123. <a href=\"https:\/\/dl.acm.org\/doi\/10.1145\/3419249.3421234\" target=\"_blank\" rel=\"noreferrer noopener\">https:\/\/dl.acm.org\/doi\/10.1145\/3419249.3421234<\/a><\/p>\n<p><!-- \/wp:paragraph --><!-- wp:paragraph --><\/p>\n<p>Kuusk, Kristi; Tajadura-Jim\u00e9nez, Ana; V\u00e4ljam\u00e4e, Aleksander (2019). Magic Lining: Crafting Multidisciplinary Experiential Knowledge by Changing Wearer\u2019s Body-Perception through Vibrotactile Clothing. Conference Proceedings of International Conference 2019 of the DRS Special Interest Group on Experiential Knowledge. Ed. Nithikul Nimkulrat, Kristi Kuusk, Julia Valle Noronha, Camilla Groth and Oscar Tomico. Tallinn: Estonian Academy of Arts, 186\u2212200. <a href=\"http:\/\/www.eksig2019.com\/wp-content\/uploads\/2019\/09\/EKSIG-2019-Front-Matters_A4_final.pdf\" target=\"_blank\" rel=\"noreferrer noopener\">http:\/\/www.eksig2019.com\/wp-content\/uploads\/2019\/09\/EKSIG-2019-Front-Matters_A4_final.pdf<\/a><\/p>\n<p><!-- \/wp:paragraph --><!-- wp:paragraph --><\/p>\n<p><strong>Workshop publications<\/strong><\/p>\n<p><!-- \/wp:paragraph --><!-- wp:paragraph --><\/p>\n<p>Arife Dila Demir, Joo Young Park, Claudia N\u00fa\u00f1ez-Pacheco, and Marianela Ciolfi Felice (2023). Designing with the Body in Unhabitual Movements using Visual and Textual Elicitation Tools. In Proceedings of the Seventeenth International Conference on Tangible, Embedded, and Embodied Interaction (TEI &#8217;23). Association for Computing Machinery (ACM), <a href=\"https:\/\/doi.org\/10.1145\/3569009.3571845\" target=\"_blank\" rel=\"noopener\">https:\/\/doi.org\/10.1145\/3569009.3571845<\/a><\/p>\n<p><!-- \/wp:paragraph --><!-- wp:paragraph --><\/p>\n<p>Popova, Kristina; Park, Jooyoung; Demir, Arife Dila (2023). Conquering the silence, exploring the uncomfortable together: A collective exploration of discomfort as a design resource. The 10th Nordic Design Research Society (Nordes) Conference. June 12-14, Sweden.<\/p>\n<p><!-- \/wp:paragraph --><!-- wp:paragraph --><\/p>\n<p>Scholz, Barbro; Honauer, Michaela; Kuusk, Kristi; Veske, Paula; Ugur Yavuz, Se\u00e7il (2022). Designing wearable interactions through playful on-body explorations.\u00a0<em>Proceedings of ETIS 2022, 3328: 5th European Tangible Interaction Studio Toulouse, France, November 7-10, 2022..<\/em>\u00a0Ed. Val\u00e9rie Maquil. CEUR Workshop Proceedings.<\/p>\n<p><!-- \/wp:paragraph --><!-- wp:paragraph --><\/p>\n<p>Se\u00e7il U\u011fur Yavuz, Paula Veske , Barbro Scholz, Michaela Honauer and Kristi Kuusk (2021). Design for Playfulness with Interactive Soft Materials. Proceedings of the Fifteenth International Conference on Tangible, Embedded, and Embodied Interaction. Association for Computing Machinery (ACM). <a href=\"https:\/\/dl.acm.org\/doi\/10.1145\/3430524.3442702\" target=\"_blank\" rel=\"noopener\">https:\/\/dl.acm.org\/doi\/10.1145\/3430524.3442702<\/a><\/p>\n<p><!-- \/wp:paragraph --><!-- wp:heading --><\/p>\n<h2>Others<\/h2>\n<div>\n<p>Kuusk, Kristi; Hamid, Azeem; Veske-Lepp, Paula; Oktay, Nesli Hazal; Babayev, Zaur. (2025). Remote Grandparents: Designing Relations, Not Things. <em>Online<\/em>\u00a0<em>Design Journal Leida<\/em>,\u00a0<em>1<\/em>(6)\u00a0<a style=\"background-color: #ffffff; font-size: 1rem;\" href=\"https:\/\/leida.artun.ee\/en\/issues\/travels-in-the-consumption-zone\/remote-grandparents-designing-relations-not-things\" target=\"_blank\" rel=\"noopener\">https:\/\/leida.artun.ee\/en\/issues\/travels-in-the-consumption-zone\/remote-grandparents-designing-relations-not-things<\/a><\/p>\n<p>Hamid, Azeem (2024). Participation in public spaces of Tallinn. In parallel session titled, &#8216;Development of public spaces: urban, rural and institutional&#8217; at the Heritage in the Service of Resilient Communities International Conference, October 1\u20132, 2024, Viljandi, Estonia. University of Tartu Viljandi Culture Academy. [Extended Abstract]. <a href=\"https:\/\/sisu.ut.ee\/wp-content\/uploads\/sites\/693\/Viljandi_conference_abstracts_ENG_04.pdf\">Link<\/a>.<\/p>\n<p>Oktay, Nesli Hazal (2024) Sensorial Mapping: A design method for observing and reflecting through the lived body. <em>Online<\/em>\u00a0<em>Design Journal Leida<\/em>,\u00a0<em>1<\/em>(5).\u00a0<a href=\"https:\/\/leida.artun.ee\/en\/issues\/stubborn-compromises-in-production\/sensorial-mapping-a-design-method-for-observing-and-reflecting-through-the-lived-body\">https:\/\/leida.artun.ee\/en\/issues\/stubborn-compromises-in-production\/sensorial-mapping-a-design-method-for-observing-and-reflecting-through-the-lived-body<\/a><\/p>\n<p>Hung, Hsuan-Hsiu; Kuusk, Kristi (2024). Moving Awareables: Multi-Sensorial Artefacts that Care for Us. <em>Online<\/em>\u00a0<em>Design Journal Leida<\/em>,\u00a0<em>1<\/em>(4) <a href=\"https:\/\/leida.artun.ee\/en\/issues\/care-after-care\/moving-awareables-multi-sensorial-artefacts-that-care-for-us\" target=\"_blank\" rel=\"noopener\"> https:\/\/leida.artun.ee\/en\/issues\/care-after-care\/moving-awareables-multi-sensorial-artefacts-that-care-for-us<\/a><\/p>\n<p>Oktay, Nesli Hazal (2023). Tangible Engagements with Possible Future(s) through Design Fiction. In <em>Proceedings of (Building) New Perspectives through Practice-led Research in Art, Design and Architecture 2022<\/em>, 77-84.\u00a0<a href=\"https:\/\/lmda.lma.lv\/wp-content\/uploads\/2023\/12\/BUILDING-NEW-PERSPECTIVES-2023_proceedings_digital.pdf\" target=\"_blank\" rel=\"noreferrer noopener\">https:\/\/lmda.lma.lv\/wp-content\/uploads\/2023\/12\/BUILDING-NEW-PERSPECTIVES-2023_proceedings_digital.pdf<\/a><\/p>\n<\/div>\n<p><!-- \/wp:heading --><!-- wp:paragraph --><\/p>\n<p>Kuusk, Kristi; Oktay, Nesli Hazal; Demir, Arife Dila (2022). Sensorial Design: Feel, Move, Interact! In\u00a0<em>Design Journal Leida<\/em>\u00a01(1).\u00a0<a href=\"https:\/\/leida.artun.ee\/en\/issues\/technocriticism\/sensorial-design-feel-move-interact\" target=\"_blank\" rel=\"noreferrer noopener\">https:\/\/leida.artun.ee\/en\/issues\/technocriticism\/sensorial-design-feel-move-interact<\/a><\/p>\n<p><!-- \/wp:paragraph --><!-- wp:heading --><\/p>\n<h2>Exhibitions<\/h2>\n<p><!-- \/wp:heading --><!-- wp:paragraph --><\/p>\n<p>Kuusk, Kristi; Michaela Honauer; Secil Ugur. WORTH II Exhibition. Project: Treesense. Milan Design Week, April 2023<\/p>\n<p><!-- \/wp:paragraph --><!-- wp:paragraph --><\/p>\n<p>Kuusk, Kristi. ICIDS STARTS Exhibition. Project: Magic Lining. TLU Estonia, 7-10-12-2021<br \/>Kuusk, Kristi. Lapse asi. EKA tudengite disain lastele. Project: Textales, Bedtime Stories. EKA Gallery, October-November 2022<\/p>\n<p><!-- \/wp:paragraph --><!-- wp:paragraph --><\/p>\n<p>Kuusk, Kristi. Textile Design Department Exhibition\/ Soft Negotiations. Project: \u2018Magic Lining\u2019. Gallery Artifex, Vilnius Academy of Arts, Lithuania, April-May 2022<\/p>\n<p><!-- \/wp:paragraph --><!-- wp:paragraph --><\/p>\n<p>Demir, Arife Dila. Textile Design Department Exhibition\/ Soft Negotiations.\u00a0 Project: \u2018SQUEAKY\/PAIN\u2019.\u00a0Gallery Artifex, Vilnius Academy of Arts, Lithuania, April-May 2022<\/p>\n<p><!-- \/wp:paragraph --><!-- wp:paragraph --><\/p>\n<p>Kuusk, Kristi. Textile Design Department Exhibition\/ Soft Negotiations. Project: \u2018Magic Lining\u2019. EKA Gallery. Tallinn, Estonia, October-November 2021<\/p>\n<p><!-- \/wp:paragraph --><!-- wp:paragraph --><\/p>\n<p>Demir, Arife Dila. Textile Design Department Exhibition\/ Soft Negotiations.\u00a0 Project: \u2018SQUEAKY\/PAIN\u2019.\u00a0 EKA Gallery. Tallinn, Estonia, October-November 2021<\/p>\n<p><!-- \/wp:paragraph --><!-- wp:paragraph --><\/p>\n<p>Sensorial Design Group Exhibition. Disaini\u00f6\u00f6. Tallinn, Estonia, September 2021<\/p>\n<p><!-- \/wp:paragraph --><!-- wp:heading --><\/p>\n<h2>Presentations<\/h2>\n<p><!-- \/wp:heading --><!-- wp:paragraph --><\/p>\n<p>Oktay, Nesli Hazal. First Peer Review Event Presentation of the project <em>Intimacy with Far-away Bodies<\/em> Reviewers: Oscar Tomico and Verena\u00a0Fuchsberger. Hybrid, Tallinn, Estonia, February 2022.<\/p>\n<p><!-- \/wp:paragraph --><!-- wp:paragraph --><\/p>\n<p>Demir, Arife Dila. Third Peer Review Event Presentation of the project <em>Pain Creature<\/em>. Reviewers: Claudia N\u00fa\u00f1ez-Pacheco and Michaela Honauer. Hybrid, Tallinn, Estonia, February 2022.<\/p>\n<p><!-- \/wp:paragraph --><!-- wp:paragraph --><\/p>\n<p>Oktay, Nesli Hazal. First Peer Review Event Presentation of the project <em>Empathic Placebos<\/em> Reviewers: Oscar Tomico and Kristina Andersen. Hybrid, Tallinn, Estonia, August 2021.<\/p>\n<p><!-- \/wp:paragraph --><!-- wp:paragraph --><\/p>\n<p>Demir, Arife Dila. <em>Caring Companion<\/em>: Materializing Bodily Experiences for Somaesthetic Interactions. Conference presentation in Futurescan5: Conscious Communities. Online, September 2022<\/p>\n<p><!-- \/wp:paragraph --><!-- wp:paragraph --><\/p>\n<p>Demir, Arife Dila. Second Peer Review Event Presentation of the project <em>Caring Companion<\/em>. Reviewers: Claudia N\u00fa\u00f1ez-Pacheco and Vasiliki Tsakniki. Hybrid, Tallinn, Estonia, August 2022<\/p>\n<p><!-- \/wp:paragraph --><!-- wp:paragraph --><\/p>\n<p>Oktay, Nesli Hazal. &#8220;Embodying thinking and feeling in action: The case of making design placebos&#8221;. Presentation in the joint Doctoral School Conference at Estonian Music and Theather Academy, Tallinn, Estonia, February 2022<\/p>\n<p><!-- \/wp:paragraph --><!-- wp:paragraph --><\/p>\n<p>Demir, Arife Dila. First Peer Review Event Presentation of the project \u2018SQUEAKY\/PAIN\u2019. Reviewers: Danielle Wilde and Claudia N\u00fa\u00f1ez-Pacheco. Online, April 2021<\/p>\n<p><!-- \/wp:paragraph --><!-- wp:paragraph --><\/p>\n<p>Demir, Arife Dila. Extended Bodies: Altering Body-Perception through Movement-Based Textile Interactions. NordiCHI\u201920. Online, October 2020<\/p>\n<p><!-- \/wp:paragraph --><!-- wp:heading --><\/p>\n<h2>Demo Days<\/h2>\n<p>Oktay, Nesli Hazal. &#8220;Gazing for Meaning&#8221;. International Conference on Interactive Digital Storytelling 2021. (Tallinn, Association for Research in Digital Interactive Narratives as part of STARTS.EE Exhibition 2021) Tallinn, December 2021. <a href=\"https:\/\/www.youtube.com\/watch?v=0htzw5MZDM4\" target=\"_blank\" rel=\"noopener\">https:\/\/www.youtube.com\/watch?v=0htzw5MZDM4<\/a><\/p>\n<p><!-- \/wp:heading --><!-- wp:paragraph --><\/p>\n<p>Demir, A. D., Kohava, M. Odyssey for One. STARTS.EE art + science residency.\u00a0 e\u02c9lektron art, Tallinn, Estonia, December 2020\u00a0<a href=\"https:\/\/www.youtube.com\/watch?v=F7xX8yYBuLs\" target=\"_blank\" rel=\"noreferrer noopener\">https:\/\/www.youtube.com\/watch?v=F7xX8yYBuL<\/a><\/p>\n<p><!-- \/wp:paragraph --><!-- wp:paragraph --><\/p>\n<p><!-- \/wp:paragraph --><\/p>\t\t\t\t\t\t\t\t<\/div>\n\t\t\t\t<\/div>\n\t\t\t\t\t<\/div>\n\t\t<\/div>\n\t\t\t\t\t<\/div>\n\t\t<\/section>\n\t\t\t\t<\/div>\n\t\t","protected":false},"excerpt":{"rendered":"<p>Dissertations Oktay, Nesli Hazal (2024). Far-away Bodies: Co-creating Design(s) in and for Remote Intimacy. PhD Dissertation. Estonian Academy of Arts. Tallinn, Estonia. https:\/\/eka.access.preservica.com\/uncategorized\/SO_c9a831ae-7ec8-4a8b-b925-845bd5d21eba\/ Demir, Arife Dila (2023). Extended [Textile] Soma: Somaesthetics of Bodily Discomforts. PhD Dissertation. Estonian Academy of Arts. Tallinn, Estonia.\u00a0https:\/\/entu.app\/eka\/6557573d9ec6b30b7d3c87ae?_type.string=thesis&amp;sort=name.string&amp;q=demir Kuusk, Kristi (2016). \u201cCrafting sustainable smart textile services\u201d, Eindhoven University of Technology, Eindhoven, &hellip; <\/p>\n<p class=\"link-more\"><a href=\"https:\/\/sensorialdesign.artun.ee\/?page_id=57\" class=\"more-link\">Continue reading<span class=\"screen-reader-text\"> &#8220;Publications&#8221;<\/span><\/a><\/p>\n","protected":false},"author":1,"featured_media":0,"parent":0,"menu_order":0,"comment_status":"closed","ping_status":"closed","template":"","meta":{"footnotes":""},"class_list":["post-57","page","type-page","status-publish","hentry"],"_links":{"self":[{"href":"https:\/\/sensorialdesign.artun.ee\/index.php?rest_route=\/wp\/v2\/pages\/57","targetHints":{"allow":["GET"]}}],"collection":[{"href":"https:\/\/sensorialdesign.artun.ee\/index.php?rest_route=\/wp\/v2\/pages"}],"about":[{"href":"https:\/\/sensorialdesign.artun.ee\/index.php?rest_route=\/wp\/v2\/types\/page"}],"author":[{"embeddable":true,"href":"https:\/\/sensorialdesign.artun.ee\/index.php?rest_route=\/wp\/v2\/users\/1"}],"replies":[{"embeddable":true,"href":"https:\/\/sensorialdesign.artun.ee\/index.php?rest_route=%2Fwp%2Fv2%2Fcomments&post=57"}],"version-history":[{"count":42,"href":"https:\/\/sensorialdesign.artun.ee\/index.php?rest_route=\/wp\/v2\/pages\/57\/revisions"}],"predecessor-version":[{"id":394,"href":"https:\/\/sensorialdesign.artun.ee\/index.php?rest_route=\/wp\/v2\/pages\/57\/revisions\/394"}],"wp:attachment":[{"href":"https:\/\/sensorialdesign.artun.ee\/index.php?rest_route=%2Fwp%2Fv2%2Fmedia&parent=57"}],"curies":[{"name":"wp","href":"https:\/\/api.w.org\/{rel}","templated":true}]}}